{"id":5238,"date":"2022-12-19T12:59:51","date_gmt":"2022-12-19T10:59:51","guid":{"rendered":"https:\/\/hiloandsani.com\/?page_id=5238"},"modified":"2023-02-03T15:27:51","modified_gmt":"2023-02-03T13:27:51","slug":"politica-de-confidentialitate","status":"publish","type":"page","link":"https:\/\/hiloandsani.com\/en\/politica-de-confidentialitate\/","title":{"rendered":"Privacy policy"},"content":{"rendered":"<div data-elementor-type=\"wp-page\" data-elementor-id=\"5238\" class=\"elementor elementor-5238\">\n\t\t\t\t\t\t<section class=\"elementor-section elementor-top-section elementor-element elementor-element-d4f88a5 elementor-section-boxed elementor-section-height-default elementor-section-height-default\" data-id=\"d4f88a5\" data-element_type=\"section\" data-e-type=\"section\">\n\t\t\t\t\t\t<div class=\"elementor-container elementor-column-gap-default\">\n\t\t\t\t\t<div class=\"elementor-column elementor-col-100 elementor-top-column elementor-element elementor-element-3cd0041\" data-id=\"3cd0041\" data-element_type=\"column\" data-e-type=\"column\">\n\t\t\t<div class=\"elementor-widget-wrap elementor-element-populated\">\n\t\t\t\t\t\t<div class=\"elementor-element elementor-element-33c0982 elementor-widget elementor-widget-text-editor\" data-id=\"33c0982\" data-element_type=\"widget\" data-e-type=\"widget\" data-widget_type=\"text-editor.default\">\n\t\t\t\t<div class=\"elementor-widget-container\">\n\t\t\t\t\t\t\t\t\t<h1>Privacy policy<\/h1><p><strong>Actualizat\u0103 la data de 19.12.2022<\/strong><br \/><strong>Aplicabil\u0103 de la data de 19.12.2022<\/strong><\/p><p>Aceast\u0103 Politic\u0103 de confiden\u021bialitate descrie politicile HILO &amp; SANI INVESTMENT SRL privind colectarea, utilizarea \u0219i dezv\u0103luirea informa\u021biilor dumneavoastr\u0103 pe care le colect\u0103m atunci c\u00e2nd utiliza\u021bi site-ul nostru (&#8222;serviciul\u201d). Prin accesarea sau utilizarea Serviciului, sunte\u021bi de acord cu colectarea, utilizarea \u0219i dezv\u0103luirea informa\u021biilor dumneavoastr\u0103 \u00een conformitate cu aceast\u0103 Politic\u0103 de confiden\u021bialitate. Dac\u0103 nu sunte\u021bi de acord cu acela\u0219i lucru, v\u0103 rug\u0103m s\u0103 nu accesa\u021bi sau utiliza\u021bi Serviciul.<\/p><p>Putem modifica aceast\u0103 Politic\u0103 de confiden\u021bialitate \u00een orice moment f\u0103r\u0103 nicio notificare prealabil\u0103 \u0219i vom publica Politica de confiden\u021bialitate revizuit\u0103 pe Serviciu. Politica revizuit\u0103 va intra \u00een vigoare la 180 de zile de la momentul \u00een care Politica revizuit\u0103 este postat\u0103 \u00een Serviciu, iar accesul sau utilizarea \u00een continuare a Serviciului dup\u0103 acest timp va constitui acceptarea Politicii de confiden\u021bialitate revizuite. Prin urmare, v\u0103 recomand\u0103m s\u0103 revizui\u021bi periodic aceast\u0103 pagin\u0103.<\/p><h4>Cum \u00eemp\u0103rt\u0103\u0219im informa\u021biile colectate<\/h4><p>Nu vom transfera informa\u021biile dvs. personale c\u0103tre niciun ter\u021b f\u0103r\u0103 a solicita consim\u021b\u0103m\u00e2ntul dvs., cu excep\u021bia unor circumstan\u021be limitate, dup\u0103 cum este descris mai jos:<\/p><ul><li>Informa\u021biile de analiz\u0103 a traficului pe site<\/li><\/ul><p>Solicit\u0103m acestor ter\u021bi s\u0103 utilizeze informa\u021biile personale pe care le transfer\u0103m numai \u00een scopul pentru care au fost transferate \u0219i s\u0103 nu le p\u0103streze mai mult dec\u00e2t este necesar pentru \u00eendeplinirea scopului men\u021bionat.<\/p><p>De asemenea, putem dezv\u0103lui informa\u021biile dumneavoastr\u0103 personale pentru urm\u0103toarele: (1) pentru a respecta legea, regulamentul, ordinul judec\u0103toresc sau alte proceduri legale aplicabile; (2) pentru a v\u0103 pune \u00een aplicare acordurile cu noi, inclusiv aceast\u0103 Politic\u0103 de confiden\u021bialitate; sau (3) pentru a r\u0103spunde la preten\u021biile conform c\u0103rora utilizarea Serviciului \u00eencalc\u0103 drepturile ter\u021bilor. Dac\u0103 Serviciul sau compania noastr\u0103 este fuzionat\u0103 sau achizi\u021bionat\u0103 cu o alt\u0103 companie, informa\u021biile dvs. vor fi unul dintre activele care sunt transferate noului proprietar.<\/p><h4>Drepturile dumneavoastr\u0103<\/h4><p>\u00cen func\u021bie de prevederile legale aplicabile, este posibil s\u0103 ave\u021bi dreptul de a accesa \u0219i rectifica sau \u0219terge datele dvs. personale sau de a primi o copie a datelor dvs. personale, de a restric\u021biona sau de a v\u0103 opune proces\u0103rii active a datelor dvs., de a ne cere s\u0103 v\u0103 transfer\u0103m datele personale c\u0103tre o alt\u0103 entitate, s\u0103 retrage\u021bi orice consim\u021b\u0103m\u00e2nt pe care ni l-a\u021bi furnizat pentru a v\u0103 prelucra datele, dreptul de a depune o pl\u00e2ngere la o autoritate statutar\u0103 \u0219i orice alte drepturi care pot fi relevante \u00een conformitate cu legile aplicabile. Pentru exercitarea acestor drepturi, ne pute\u021bi scrie la hiloandsaniinvestment@gmail.com. Vom r\u0103spunde solicit\u0103rii dumneavoastr\u0103 \u00een conformitate cu legisla\u021bia \u00een vigoare.<\/p><p>V\u0103 rug\u0103m s\u0103 re\u021bine\u021bi c\u0103, dac\u0103 nu ne permite\u021bi s\u0103 colect\u0103m sau s\u0103 proces\u0103m informa\u021biile personale necesare sau s\u0103 ne retrage\u021bi consim\u021b\u0103m\u00e2ntul pentru a le procesa \u00een scopurile solicitate, este posibil s\u0103 nu pute\u021bi accesa sau utiliza serviciile pentru care au fost c\u0103utate informa\u021biile dumneavoastr\u0103.<\/p><h4>Cookie-uri<\/h4><p>Pentru a afla mai multe despre cum le folosim \u0219i despre op\u021biunile dvs. \u00een leg\u0103tur\u0103 cu aceste tehnologii de urm\u0103rire, v\u0103 rug\u0103m s\u0103 consulta\u021bi\u00a0Politica noastr\u0103 privind cookie-urile.<\/p><h4>Securitate<\/h4><p>Securitatea informa\u021biilor dumneavoastr\u0103 este important\u0103 pentru noi \u0219i vom folosi m\u0103suri de securitate rezonabile pentru a preveni pierderea, utilizarea gre\u0219it\u0103 sau modificarea neautorizat\u0103 a informa\u021biilor dumneavoastr\u0103 sub controlul nostru. Cu toate acestea, av\u00e2nd \u00een vedere riscurile inerente, nu putem garanta securitatea absolut\u0103 \u0219i, \u00een consecin\u021b\u0103, nu putem asigura sau garanta securitatea oric\u0103rei informa\u021bii pe care ni le transmite\u021bi \u0219i o face\u021bi pe propriul risc.<\/p><h4>Leg\u0103turi c\u0103tre ter\u021be p\u0103r\u021bi \u0219i utilizarea informa\u021biilor dumneavoastr\u0103<\/h4><p>Serviciul nostru poate con\u021bine link-uri c\u0103tre alte site-uri web care nu sunt operate de noi. Aceast\u0103 Politic\u0103 de confiden\u021bialitate nu abordeaz\u0103 politica de confiden\u021bialitate \u0219i alte practici ale oric\u0103rei ter\u021be p\u0103r\u021bi, inclusiv oric\u0103rei ter\u021be p\u0103r\u021bi care opereaz\u0103 orice site web sau serviciu care poate fi accesibil printr-un link de pe Serviciu. V\u0103 sf\u0103tuim insistent s\u0103 revizui\u021bi politica de confiden\u021bialitate a fiec\u0103rui site pe care \u00eel vizita\u021bi. Nu avem control asupra \u0219i nu ne asum\u0103m nicio responsabilitate pentru con\u021binutul, politicile de confiden\u021bialitate sau practicile oric\u0103ror site-uri sau servicii ter\u021be.<\/p><h4>Responsabilit\u0103\u021bi \/ Responsabilul cu protec\u021bia datelor<\/h4><p>Dac\u0103 ave\u021bi \u00eentreb\u0103ri sau nel\u0103muriri cu privire la prelucrarea informa\u021biilor dvs. disponibile la noi, pute\u021bi trimite un e-mail ofi\u021berului nostru de reclama\u021bii la HILO &amp; SANI INVESTMENT SRL, Str. Domni\u021ba Ruxandra 4, Bucure\u0219ti, Rom\u00e2nia, email: contact@hiloandsani.com. Vom aborda preocup\u0103rile dumneavoastr\u0103 \u00een conformitate cu legisla\u021bia \u00een vigoare.<\/p>\t\t\t\t\t\t\t\t<\/div>\n\t\t\t\t<\/div>\n\t\t\t\t\t<\/div>\n\t\t<\/div>\n\t\t\t\t\t<\/div>\n\t\t<\/section>\n\t\t\t\t<\/div>","protected":false},"excerpt":{"rendered":"<p>Politica de confiden\u021bialitate Actualizat\u0103 la data de 19.12.2022Aplicabil\u0103 de la data de 19.12.2022 Aceast\u0103 Politic\u0103 de confiden\u021bialitate descrie politicile HILO &amp; SANI INVESTMENT SRL privind colectarea, utilizarea \u0219i dezv\u0103luirea informa\u021biilor dumneavoastr\u0103 pe care le colect\u0103m atunci c\u00e2nd utiliza\u021bi site-ul nostru (&#8222;serviciul\u201d). Prin accesarea sau utilizarea Serviciului, sunte\u021bi de acord cu colectarea, utilizarea \u0219i dezv\u0103luirea informa\u021biilor [&hellip;]<\/p>\n","protected":false},"author":5,"featured_media":0,"parent":0,"menu_order":0,"comment_status":"closed","ping_status":"closed","template":"elementor_header_footer","meta":{"site-sidebar-layout":"no-sidebar","site-content-layout":"page-builder","ast-site-content-layout":"default","site-content-style":"default","site-sidebar-style":"default","ast-global-header-display":"","ast-banner-title-visibility":"","ast-main-header-display":"","ast-hfb-above-header-display":"","ast-hfb-below-header-display":"","ast-hfb-mobile-header-display":"","site-post-title":"disabled","ast-breadcrumbs-content":"","ast-featured-img":"disabled","footer-sml-layout":"","ast-disable-related-posts":"","theme-transparent-header-meta":"","adv-header-id-meta":"","stick-header-meta":"","header-above-stick-meta":"","header-main-stick-meta":"","header-below-stick-meta":"","astra-migrate-meta-layouts":"default","ast-page-background-enabled":"default","ast-page-background-meta":{"desktop":{"background-color":"","background-image":"","background-repeat":"repeat","background-position":"center center","background-size":"auto","background-attachment":"scroll","background-type":"","background-media":"","overlay-type":"","overlay-color":"","overlay-opacity":"","overlay-gradient":""},"tablet":{"background-color":"","background-image":"","background-repeat":"repeat","background-position":"center center","background-size":"auto","background-attachment":"scroll","background-type":"","background-media":"","overlay-type":"","overlay-color":"","overlay-opacity":"","overlay-gradient":""},"mobile":{"background-color":"","background-image":"","background-repeat":"repeat","background-position":"center center","background-size":"auto","background-attachment":"scroll","background-type":"","background-media":"","overlay-type":"","overlay-color":"","overlay-opacity":"","overlay-gradient":""}},"ast-content-background-meta":{"desktop":{"background-color":"var(--ast-global-color-5)","background-image":"","background-repeat":"repeat","background-position":"center center","background-size":"auto","background-attachment":"scroll","background-type":"","background-media":"","overlay-type":"","overlay-color":"","overlay-opacity":"","overlay-gradient":""},"tablet":{"background-color":"var(--ast-global-color-5)","background-image":"","background-repeat":"repeat","background-position":"center center","background-size":"auto","background-attachment":"scroll","background-type":"","background-media":"","overlay-type":"","overlay-color":"","overlay-opacity":"","overlay-gradient":""},"mobile":{"background-color":"var(--ast-global-color-5)","background-image":"","background-repeat":"repeat","background-position":"center center","background-size":"auto","background-attachment":"scroll","background-type":"","background-media":"","overlay-type":"","overlay-color":"","overlay-opacity":"","overlay-gradient":""}},"footnotes":""},"class_list":["post-5238","page","type-page","status-publish","hentry"],"_links":{"self":[{"href":"https:\/\/hiloandsani.com\/en\/wp-json\/wp\/v2\/pages\/5238","targetHints":{"allow":["GET"]}}],"collection":[{"href":"https:\/\/hiloandsani.com\/en\/wp-json\/wp\/v2\/pages"}],"about":[{"href":"https:\/\/hiloandsani.com\/en\/wp-json\/wp\/v2\/types\/page"}],"author":[{"embeddable":true,"href":"https:\/\/hiloandsani.com\/en\/wp-json\/wp\/v2\/users\/5"}],"replies":[{"embeddable":true,"href":"https:\/\/hiloandsani.com\/en\/wp-json\/wp\/v2\/comments?post=5238"}],"version-history":[{"count":19,"href":"https:\/\/hiloandsani.com\/en\/wp-json\/wp\/v2\/pages\/5238\/revisions"}],"predecessor-version":[{"id":5530,"href":"https:\/\/hiloandsani.com\/en\/wp-json\/wp\/v2\/pages\/5238\/revisions\/5530"}],"wp:attachment":[{"href":"https:\/\/hiloandsani.com\/en\/wp-json\/wp\/v2\/media?parent=5238"}],"curies":[{"name":"wp","href":"https:\/\/api.w.org\/{rel}","templated":true}]}}