{"id":5219,"date":"2022-12-19T11:50:26","date_gmt":"2022-12-19T09:50:26","guid":{"rendered":"https:\/\/hiloandsani.com\/?page_id=5219"},"modified":"2023-01-16T09:01:34","modified_gmt":"2023-01-16T07:01:34","slug":"politica-de-returnare","status":"publish","type":"page","link":"https:\/\/hiloandsani.com\/en\/politica-de-returnare\/","title":{"rendered":"Return policy"},"content":{"rendered":"<div data-elementor-type=\"wp-page\" data-elementor-id=\"5219\" class=\"elementor elementor-5219\">\n\t\t\t\t\t\t<section class=\"elementor-section elementor-top-section elementor-element elementor-element-a1da382 elementor-section-boxed elementor-section-height-default elementor-section-height-default\" data-id=\"a1da382\" data-element_type=\"section\" data-e-type=\"section\">\n\t\t\t\t\t\t<div class=\"elementor-container elementor-column-gap-default\">\n\t\t\t\t\t<div class=\"elementor-column elementor-col-100 elementor-top-column elementor-element elementor-element-6a172c6\" data-id=\"6a172c6\" data-element_type=\"column\" data-e-type=\"column\">\n\t\t\t<div class=\"elementor-widget-wrap elementor-element-populated\">\n\t\t\t\t\t\t<div class=\"elementor-element elementor-element-d6f0ef4 elementor-widget elementor-widget-text-editor\" data-id=\"d6f0ef4\" data-element_type=\"widget\" data-e-type=\"widget\" data-widget_type=\"text-editor.default\">\n\t\t\t\t<div class=\"elementor-widget-container\">\n\t\t\t\t\t\t\t\t\t<h1>POLITICA DE RETURNARE<\/h1><p><strong>Last updated December 19, 2022<\/strong><\/p><p>V\u0103 mul\u021bumim pentru cump\u0103r\u0103turile f\u0103cute. Dac\u0103 nu sunte\u021bi complet mul\u021bumit de achizi\u021bia dvs. din orice motiv, pute\u021bi returna produsul pentru o rambursare complet\u0103 sau un schimb. V\u0103 rug\u0103m s\u0103 consulta\u021bi mai jos pentru mai multe informa\u021bii despre politica noastr\u0103 de returnare.<\/p><h4>RETURN\u0102RI<\/h4><p>Toate return\u0103rile trebuie s\u0103 fie efectuate \u00een termen de paisprezece (14) zile de la data achizi\u021biei. Toate articolele returnate trebuie s\u0103 fie \u00een stare nou\u0103 \u0219i nefolosite, cu toate etichetele \u0219i etichetele originale ata\u0219ate.<\/p><h4>PROCESUL DE RETURNARE<\/h4><p>Pentru a returna un articol, v\u0103 rug\u0103m s\u0103 trimite\u021bi un e-mail la adresa contact@hiloandsani.com pentru a ne informa despre inten\u021bia de returnare. Dup\u0103 ce primi\u021bi confirmarea din partea noastr\u0103, pune\u021bi articolul \u00een siguran\u021b\u0103 \u00een ambalajul original \u0219i include\u021bi dovada achizi\u021biei, apoi trimite\u021bi produsul la urm\u0103toarea adres\u0103:<\/p><p>HILO &amp; SANI INVESTMENT SRL <br \/>Attn: Return\u0103ri<br \/>Str. Domni\u021ba Ruxandra 4 <br \/>Bucure\u0219ti, <br \/>Rom\u00e2nia<\/p><p>V\u0103 rug\u0103m s\u0103 re\u021bine\u021bi c\u0103 ve\u021bi fi responsabil pentru toate taxele de transport pentru retur. V\u0103 recomand\u0103m s\u0103 utiliza\u021bi o metod\u0103 care poate fi urm\u0103rit\u0103 pentru a trimite produsele.<\/p><h4>RESTITURI<\/h4><p>Dup\u0103 primirea returului \u0219i inspectarea st\u0103rii articolului dvs., v\u0103 vom procesa returnarea sau schimbul acestuia. V\u0103 rug\u0103m s\u0103 acorda\u021bi cel pu\u021bin \u0219apte (7) zile de la primirea articolului pentru a v\u0103 procesa returnarea sau schimbarea. V\u0103 vom anun\u021ba prin e-mail c\u00e2nd returnarea dvs. a fost procesat\u0103.<\/p><h4>EXCEP\u021aII<\/h4><p>Urm\u0103toarele articole nu pot fi returnate sau \u00eenlocuite: lenjerie \u0219i produse pentru uz intim.<\/p><p>Pentru produsele defecte sau deteriorate, v\u0103 rug\u0103m s\u0103 ne contacta\u021bi la datele de contact de mai jos pentru a aranja o rambursare sau un schimb.<\/p><h4>\u00ceNTREB\u0102RI<\/h4><p>Dac\u0103 ave\u021bi \u00eentreb\u0103ri cu privire la politica noastr\u0103 de returnare, v\u0103 rug\u0103m s\u0103 ne contacta\u021bi la:<br \/>contact@hiloandsani.com<\/p>\t\t\t\t\t\t\t\t<\/div>\n\t\t\t\t<\/div>\n\t\t\t\t\t<\/div>\n\t\t<\/div>\n\t\t\t\t\t<\/div>\n\t\t<\/section>\n\t\t\t\t<\/div>","protected":false},"excerpt":{"rendered":"<p>POLITICA DE RETURNARE Ultima actualizare 19 decembrie 2022 V\u0103 mul\u021bumim pentru cump\u0103r\u0103turile f\u0103cute. Dac\u0103 nu sunte\u021bi complet mul\u021bumit de achizi\u021bia dvs. din orice motiv, pute\u021bi returna produsul pentru o rambursare complet\u0103 sau un schimb. V\u0103 rug\u0103m s\u0103 consulta\u021bi mai jos pentru mai multe informa\u021bii despre politica noastr\u0103 de returnare. RETURN\u0102RI Toate return\u0103rile trebuie s\u0103 fie [&hellip;]<\/p>\n","protected":false},"author":5,"featured_media":0,"parent":0,"menu_order":0,"comment_status":"closed","ping_status":"closed","template":"elementor_header_footer","meta":{"site-sidebar-layout":"no-sidebar","site-content-layout":"page-builder","ast-site-content-layout":"default","site-content-style":"default","site-sidebar-style":"default","ast-global-header-display":"","ast-banner-title-visibility":"","ast-main-header-display":"","ast-hfb-above-header-display":"","ast-hfb-below-header-display":"","ast-hfb-mobile-header-display":"","site-post-title":"disabled","ast-breadcrumbs-content":"","ast-featured-img":"disabled","footer-sml-layout":"","ast-disable-related-posts":"","theme-transparent-header-meta":"","adv-header-id-meta":"","stick-header-meta":"","header-above-stick-meta":"","header-main-stick-meta":"","header-below-stick-meta":"","astra-migrate-meta-layouts":"default","ast-page-background-enabled":"default","ast-page-background-meta":{"desktop":{"background-color":"","background-image":"","background-repeat":"repeat","background-position":"center center","background-size":"auto","background-attachment":"scroll","background-type":"","background-media":"","overlay-type":"","overlay-color":"","overlay-opacity":"","overlay-gradient":""},"tablet":{"background-color":"","background-image":"","background-repeat":"repeat","background-position":"center center","background-size":"auto","background-attachment":"scroll","background-type":"","background-media":"","overlay-type":"","overlay-color":"","overlay-opacity":"","overlay-gradient":""},"mobile":{"background-color":"","background-image":"","background-repeat":"repeat","background-position":"center center","background-size":"auto","background-attachment":"scroll","background-type":"","background-media":"","overlay-type":"","overlay-color":"","overlay-opacity":"","overlay-gradient":""}},"ast-content-background-meta":{"desktop":{"background-color":"var(--ast-global-color-5)","background-image":"","background-repeat":"repeat","background-position":"center center","background-size":"auto","background-attachment":"scroll","background-type":"","background-media":"","overlay-type":"","overlay-color":"","overlay-opacity":"","overlay-gradient":""},"tablet":{"background-color":"var(--ast-global-color-5)","background-image":"","background-repeat":"repeat","background-position":"center center","background-size":"auto","background-attachment":"scroll","background-type":"","background-media":"","overlay-type":"","overlay-color":"","overlay-opacity":"","overlay-gradient":""},"mobile":{"background-color":"var(--ast-global-color-5)","background-image":"","background-repeat":"repeat","background-position":"center center","background-size":"auto","background-attachment":"scroll","background-type":"","background-media":"","overlay-type":"","overlay-color":"","overlay-opacity":"","overlay-gradient":""}},"footnotes":""},"class_list":["post-5219","page","type-page","status-publish","hentry"],"_links":{"self":[{"href":"https:\/\/hiloandsani.com\/en\/wp-json\/wp\/v2\/pages\/5219","targetHints":{"allow":["GET"]}}],"collection":[{"href":"https:\/\/hiloandsani.com\/en\/wp-json\/wp\/v2\/pages"}],"about":[{"href":"https:\/\/hiloandsani.com\/en\/wp-json\/wp\/v2\/types\/page"}],"author":[{"embeddable":true,"href":"https:\/\/hiloandsani.com\/en\/wp-json\/wp\/v2\/users\/5"}],"replies":[{"embeddable":true,"href":"https:\/\/hiloandsani.com\/en\/wp-json\/wp\/v2\/comments?post=5219"}],"version-history":[{"count":16,"href":"https:\/\/hiloandsani.com\/en\/wp-json\/wp\/v2\/pages\/5219\/revisions"}],"predecessor-version":[{"id":5495,"href":"https:\/\/hiloandsani.com\/en\/wp-json\/wp\/v2\/pages\/5219\/revisions\/5495"}],"wp:attachment":[{"href":"https:\/\/hiloandsani.com\/en\/wp-json\/wp\/v2\/media?parent=5219"}],"curies":[{"name":"wp","href":"https:\/\/api.w.org\/{rel}","templated":true}]}}